{"id":101,"date":"2021-05-19T12:42:40","date_gmt":"2021-05-19T12:42:40","guid":{"rendered":"http:\/\/www.lekarnaneveklov.cz\/?page_id=101"},"modified":"2021-07-27T18:49:20","modified_gmt":"2021-07-27T18:49:20","slug":"fotogalerie","status":"publish","type":"page","link":"https:\/\/www.lekarnaneveklov.cz\/index.php\/fotogalerie\/","title":{"rendered":"Fotogalerie"},"content":{"rendered":"\n<figure class=\"wp-block-gallery columns-3 is-cropped wp-block-gallery-1 is-layout-flex wp-block-gallery-is-layout-flex\"><ul class=\"blocks-gallery-grid\"><li class=\"blocks-gallery-item\"><figure><img loading=\"lazy\" decoding=\"async\" width=\"683\" height=\"1024\" src=\"https:\/\/www.lekarnaneveklov.cz\/wp-content\/uploads\/2021\/07\/IMG_0864-683x1024.jpg\" alt=\"\" data-id=\"227\" data-full-url=\"https:\/\/www.lekarnaneveklov.cz\/wp-content\/uploads\/2021\/07\/IMG_0864-scaled.jpg\" data-link=\"https:\/\/www.lekarnaneveklov.cz\/img_0864\/\" class=\"wp-image-227\" srcset=\"https:\/\/www.lekarnaneveklov.cz\/wp-content\/uploads\/2021\/07\/IMG_0864-683x1024.jpg 683w, https:\/\/www.lekarnaneveklov.cz\/wp-content\/uploads\/2021\/07\/IMG_0864-200x300.jpg 200w, https:\/\/www.lekarnaneveklov.cz\/wp-content\/uploads\/2021\/07\/IMG_0864-768x1152.jpg 768w, https:\/\/www.lekarnaneveklov.cz\/wp-content\/uploads\/2021\/07\/IMG_0864-1024x1536.jpg 1024w, https:\/\/www.lekarnaneveklov.cz\/wp-content\/uploads\/2021\/07\/IMG_0864-1365x2048.jpg 1365w, https:\/\/www.lekarnaneveklov.cz\/wp-content\/uploads\/2021\/07\/IMG_0864-600x900.jpg 600w, https:\/\/www.lekarnaneveklov.cz\/wp-content\/uploads\/2021\/07\/IMG_0864-scaled.jpg 1707w\" sizes=\"auto, (max-width: 683px) 100vw, 683px\" \/><figcaption class=\"blocks-gallery-item__caption\">Velk\u00fd v\u00fdb\u011br \u010daj\u016f a p\u0159\u00edrodn\u00edch prepar\u00e1t\u016f<\/figcaption><\/figure><\/li><li class=\"blocks-gallery-item\"><figure><img loading=\"lazy\" decoding=\"async\" width=\"683\" height=\"1024\" src=\"https:\/\/www.lekarnaneveklov.cz\/wp-content\/uploads\/2021\/07\/IMG_0859-683x1024.jpg\" alt=\"\" data-id=\"226\" data-full-url=\"https:\/\/www.lekarnaneveklov.cz\/wp-content\/uploads\/2021\/07\/IMG_0859-scaled.jpg\" data-link=\"https:\/\/www.lekarnaneveklov.cz\/img_0859\/\" class=\"wp-image-226\" srcset=\"https:\/\/www.lekarnaneveklov.cz\/wp-content\/uploads\/2021\/07\/IMG_0859-683x1024.jpg 683w, https:\/\/www.lekarnaneveklov.cz\/wp-content\/uploads\/2021\/07\/IMG_0859-200x300.jpg 200w, https:\/\/www.lekarnaneveklov.cz\/wp-content\/uploads\/2021\/07\/IMG_0859-768x1152.jpg 768w, https:\/\/www.lekarnaneveklov.cz\/wp-content\/uploads\/2021\/07\/IMG_0859-1024x1536.jpg 1024w, https:\/\/www.lekarnaneveklov.cz\/wp-content\/uploads\/2021\/07\/IMG_0859-1365x2048.jpg 1365w, https:\/\/www.lekarnaneveklov.cz\/wp-content\/uploads\/2021\/07\/IMG_0859-600x900.jpg 600w, https:\/\/www.lekarnaneveklov.cz\/wp-content\/uploads\/2021\/07\/IMG_0859-scaled.jpg 1707w\" sizes=\"auto, (max-width: 683px) 100vw, 683px\" \/><figcaption class=\"blocks-gallery-item__caption\">\u0160pi\u010dkov\u00e1 kosmetika a dermoporadenstv\u00ed<\/figcaption><\/figure><\/li><li class=\"blocks-gallery-item\"><figure><img loading=\"lazy\" decoding=\"async\" width=\"683\" height=\"1024\" src=\"https:\/\/www.lekarnaneveklov.cz\/wp-content\/uploads\/2021\/07\/IMG_0849-683x1024.jpg\" alt=\"\" data-id=\"224\" data-full-url=\"https:\/\/www.lekarnaneveklov.cz\/wp-content\/uploads\/2021\/07\/IMG_0849-scaled.jpg\" data-link=\"https:\/\/www.lekarnaneveklov.cz\/img_0849\/\" class=\"wp-image-224\" srcset=\"https:\/\/www.lekarnaneveklov.cz\/wp-content\/uploads\/2021\/07\/IMG_0849-683x1024.jpg 683w, https:\/\/www.lekarnaneveklov.cz\/wp-content\/uploads\/2021\/07\/IMG_0849-200x300.jpg 200w, https:\/\/www.lekarnaneveklov.cz\/wp-content\/uploads\/2021\/07\/IMG_0849-768x1152.jpg 768w, https:\/\/www.lekarnaneveklov.cz\/wp-content\/uploads\/2021\/07\/IMG_0849-1024x1536.jpg 1024w, https:\/\/www.lekarnaneveklov.cz\/wp-content\/uploads\/2021\/07\/IMG_0849-1365x2048.jpg 1365w, https:\/\/www.lekarnaneveklov.cz\/wp-content\/uploads\/2021\/07\/IMG_0849-600x900.jpg 600w, https:\/\/www.lekarnaneveklov.cz\/wp-content\/uploads\/2021\/07\/IMG_0849-scaled.jpg 1707w\" sizes=\"auto, (max-width: 683px) 100vw, 683px\" \/><figcaption class=\"blocks-gallery-item__caption\">Bohat\u00fd sortiment p\u00e9\u010de o d\u011bti<\/figcaption><\/figure><\/li><li class=\"blocks-gallery-item\"><figure><img loading=\"lazy\" decoding=\"async\" width=\"1024\" height=\"683\" src=\"https:\/\/www.lekarnaneveklov.cz\/wp-content\/uploads\/2021\/07\/IMG_0843-1024x683.jpg\" alt=\"\" data-id=\"222\" data-full-url=\"https:\/\/www.lekarnaneveklov.cz\/wp-content\/uploads\/2021\/07\/IMG_0843-scaled.jpg\" data-link=\"https:\/\/www.lekarnaneveklov.cz\/img_0843\/\" class=\"wp-image-222\" srcset=\"https:\/\/www.lekarnaneveklov.cz\/wp-content\/uploads\/2021\/07\/IMG_0843-1024x683.jpg 1024w, https:\/\/www.lekarnaneveklov.cz\/wp-content\/uploads\/2021\/07\/IMG_0843-300x200.jpg 300w, https:\/\/www.lekarnaneveklov.cz\/wp-content\/uploads\/2021\/07\/IMG_0843-768x512.jpg 768w, https:\/\/www.lekarnaneveklov.cz\/wp-content\/uploads\/2021\/07\/IMG_0843-1536x1024.jpg 1536w, https:\/\/www.lekarnaneveklov.cz\/wp-content\/uploads\/2021\/07\/IMG_0843-2048x1365.jpg 2048w, https:\/\/www.lekarnaneveklov.cz\/wp-content\/uploads\/2021\/07\/IMG_0843-600x400.jpg 600w\" sizes=\"auto, (max-width: 1024px) 100vw, 1024px\" \/><figcaption class=\"blocks-gallery-item__caption\">Kosmetika a dermoporadenstv\u00ed<\/figcaption><\/figure><\/li><li class=\"blocks-gallery-item\"><figure><img loading=\"lazy\" decoding=\"async\" width=\"1024\" height=\"683\" src=\"https:\/\/www.lekarnaneveklov.cz\/wp-content\/uploads\/2021\/07\/IMG_0841-1024x683.jpg\" alt=\"\" data-id=\"221\" data-full-url=\"https:\/\/www.lekarnaneveklov.cz\/wp-content\/uploads\/2021\/07\/IMG_0841-scaled.jpg\" data-link=\"https:\/\/www.lekarnaneveklov.cz\/img_0841\/\" class=\"wp-image-221\" srcset=\"https:\/\/www.lekarnaneveklov.cz\/wp-content\/uploads\/2021\/07\/IMG_0841-1024x683.jpg 1024w, https:\/\/www.lekarnaneveklov.cz\/wp-content\/uploads\/2021\/07\/IMG_0841-300x200.jpg 300w, https:\/\/www.lekarnaneveklov.cz\/wp-content\/uploads\/2021\/07\/IMG_0841-768x512.jpg 768w, https:\/\/www.lekarnaneveklov.cz\/wp-content\/uploads\/2021\/07\/IMG_0841-1536x1024.jpg 1536w, https:\/\/www.lekarnaneveklov.cz\/wp-content\/uploads\/2021\/07\/IMG_0841-2048x1365.jpg 2048w, https:\/\/www.lekarnaneveklov.cz\/wp-content\/uploads\/2021\/07\/IMG_0841-600x400.jpg 600w\" sizes=\"auto, (max-width: 1024px) 100vw, 1024px\" \/><figcaption class=\"blocks-gallery-item__caption\">Jsme na n\u00e1m\u011bst\u00ed <\/figcaption><\/figure><\/li><li class=\"blocks-gallery-item\"><figure><img loading=\"lazy\" decoding=\"async\" width=\"683\" height=\"1024\" src=\"https:\/\/www.lekarnaneveklov.cz\/wp-content\/uploads\/2021\/07\/IMG_0837-683x1024.jpg\" alt=\"\" data-id=\"220\" data-full-url=\"https:\/\/www.lekarnaneveklov.cz\/wp-content\/uploads\/2021\/07\/IMG_0837-scaled.jpg\" data-link=\"https:\/\/www.lekarnaneveklov.cz\/img_0837\/\" class=\"wp-image-220\" srcset=\"https:\/\/www.lekarnaneveklov.cz\/wp-content\/uploads\/2021\/07\/IMG_0837-683x1024.jpg 683w, https:\/\/www.lekarnaneveklov.cz\/wp-content\/uploads\/2021\/07\/IMG_0837-200x300.jpg 200w, https:\/\/www.lekarnaneveklov.cz\/wp-content\/uploads\/2021\/07\/IMG_0837-768x1152.jpg 768w, https:\/\/www.lekarnaneveklov.cz\/wp-content\/uploads\/2021\/07\/IMG_0837-1024x1536.jpg 1024w, https:\/\/www.lekarnaneveklov.cz\/wp-content\/uploads\/2021\/07\/IMG_0837-1365x2048.jpg 1365w, https:\/\/www.lekarnaneveklov.cz\/wp-content\/uploads\/2021\/07\/IMG_0837-600x900.jpg 600w, https:\/\/www.lekarnaneveklov.cz\/wp-content\/uploads\/2021\/07\/IMG_0837-scaled.jpg 1707w\" sizes=\"auto, (max-width: 683px) 100vw, 683px\" \/><figcaption class=\"blocks-gallery-item__caption\">V\u00edtejte!<\/figcaption><\/figure><\/li><li class=\"blocks-gallery-item\"><figure><img loading=\"lazy\" decoding=\"async\" width=\"1024\" height=\"683\" src=\"https:\/\/www.lekarnaneveklov.cz\/wp-content\/uploads\/2021\/07\/IMG_0835-1024x683.jpg\" alt=\"\" data-id=\"219\" data-full-url=\"https:\/\/www.lekarnaneveklov.cz\/wp-content\/uploads\/2021\/07\/IMG_0835-scaled.jpg\" data-link=\"https:\/\/www.lekarnaneveklov.cz\/img_0835\/\" class=\"wp-image-219\" srcset=\"https:\/\/www.lekarnaneveklov.cz\/wp-content\/uploads\/2021\/07\/IMG_0835-1024x683.jpg 1024w, https:\/\/www.lekarnaneveklov.cz\/wp-content\/uploads\/2021\/07\/IMG_0835-300x200.jpg 300w, https:\/\/www.lekarnaneveklov.cz\/wp-content\/uploads\/2021\/07\/IMG_0835-768x512.jpg 768w, https:\/\/www.lekarnaneveklov.cz\/wp-content\/uploads\/2021\/07\/IMG_0835-1536x1024.jpg 1536w, https:\/\/www.lekarnaneveklov.cz\/wp-content\/uploads\/2021\/07\/IMG_0835-2048x1365.jpg 2048w, https:\/\/www.lekarnaneveklov.cz\/wp-content\/uploads\/2021\/07\/IMG_0835-600x400.jpg 600w\" sizes=\"auto, (max-width: 1024px) 100vw, 1024px\" \/><figcaption class=\"blocks-gallery-item__caption\">\u0160irok\u00fd sortiment<\/figcaption><\/figure><\/li><li class=\"blocks-gallery-item\"><figure><img loading=\"lazy\" decoding=\"async\" width=\"683\" height=\"1024\" src=\"https:\/\/www.lekarnaneveklov.cz\/wp-content\/uploads\/2021\/07\/IMG_0833-683x1024.jpg\" alt=\"\" data-id=\"218\" data-full-url=\"https:\/\/www.lekarnaneveklov.cz\/wp-content\/uploads\/2021\/07\/IMG_0833-scaled.jpg\" data-link=\"https:\/\/www.lekarnaneveklov.cz\/img_0833\/\" class=\"wp-image-218\" srcset=\"https:\/\/www.lekarnaneveklov.cz\/wp-content\/uploads\/2021\/07\/IMG_0833-683x1024.jpg 683w, https:\/\/www.lekarnaneveklov.cz\/wp-content\/uploads\/2021\/07\/IMG_0833-200x300.jpg 200w, https:\/\/www.lekarnaneveklov.cz\/wp-content\/uploads\/2021\/07\/IMG_0833-768x1152.jpg 768w, https:\/\/www.lekarnaneveklov.cz\/wp-content\/uploads\/2021\/07\/IMG_0833-1024x1536.jpg 1024w, https:\/\/www.lekarnaneveklov.cz\/wp-content\/uploads\/2021\/07\/IMG_0833-1365x2048.jpg 1365w, https:\/\/www.lekarnaneveklov.cz\/wp-content\/uploads\/2021\/07\/IMG_0833-600x900.jpg 600w, https:\/\/www.lekarnaneveklov.cz\/wp-content\/uploads\/2021\/07\/IMG_0833-scaled.jpg 1707w\" sizes=\"auto, (max-width: 683px) 100vw, 683px\" \/><figcaption class=\"blocks-gallery-item__caption\">D\u00e1rkov\u00e1 balen\u00ed kosmetiky a luxusn\u00ed p\u0159\u00edrodn\u00ed sv\u00ed\u010dky<\/figcaption><\/figure><\/li><li class=\"blocks-gallery-item\"><figure><img loading=\"lazy\" decoding=\"async\" width=\"683\" height=\"1024\" src=\"https:\/\/www.lekarnaneveklov.cz\/wp-content\/uploads\/2021\/07\/IMG_0822-683x1024.jpg\" alt=\"\" data-id=\"217\" data-full-url=\"https:\/\/www.lekarnaneveklov.cz\/wp-content\/uploads\/2021\/07\/IMG_0822-scaled.jpg\" data-link=\"https:\/\/www.lekarnaneveklov.cz\/img_0822\/\" class=\"wp-image-217\" srcset=\"https:\/\/www.lekarnaneveklov.cz\/wp-content\/uploads\/2021\/07\/IMG_0822-683x1024.jpg 683w, https:\/\/www.lekarnaneveklov.cz\/wp-content\/uploads\/2021\/07\/IMG_0822-200x300.jpg 200w, https:\/\/www.lekarnaneveklov.cz\/wp-content\/uploads\/2021\/07\/IMG_0822-768x1152.jpg 768w, https:\/\/www.lekarnaneveklov.cz\/wp-content\/uploads\/2021\/07\/IMG_0822-1024x1536.jpg 1024w, https:\/\/www.lekarnaneveklov.cz\/wp-content\/uploads\/2021\/07\/IMG_0822-1365x2048.jpg 1365w, https:\/\/www.lekarnaneveklov.cz\/wp-content\/uploads\/2021\/07\/IMG_0822-600x900.jpg 600w, https:\/\/www.lekarnaneveklov.cz\/wp-content\/uploads\/2021\/07\/IMG_0822-scaled.jpg 1707w\" sizes=\"auto, (max-width: 683px) 100vw, 683px\" \/><figcaption class=\"blocks-gallery-item__caption\">Zachov\u00e1n\u00ed l\u00e9k\u00e1rensk\u00fdch tradic\u00ed<\/figcaption><\/figure><\/li><li class=\"blocks-gallery-item\"><figure><img loading=\"lazy\" decoding=\"async\" width=\"1024\" height=\"683\" src=\"https:\/\/www.lekarnaneveklov.cz\/wp-content\/uploads\/2021\/07\/IMG_0813-1024x683.jpg\" alt=\"\" data-id=\"216\" data-full-url=\"https:\/\/www.lekarnaneveklov.cz\/wp-content\/uploads\/2021\/07\/IMG_0813-scaled.jpg\" data-link=\"https:\/\/www.lekarnaneveklov.cz\/img_0813\/\" class=\"wp-image-216\" srcset=\"https:\/\/www.lekarnaneveklov.cz\/wp-content\/uploads\/2021\/07\/IMG_0813-1024x683.jpg 1024w, https:\/\/www.lekarnaneveklov.cz\/wp-content\/uploads\/2021\/07\/IMG_0813-300x200.jpg 300w, https:\/\/www.lekarnaneveklov.cz\/wp-content\/uploads\/2021\/07\/IMG_0813-768x512.jpg 768w, https:\/\/www.lekarnaneveklov.cz\/wp-content\/uploads\/2021\/07\/IMG_0813-1536x1024.jpg 1536w, https:\/\/www.lekarnaneveklov.cz\/wp-content\/uploads\/2021\/07\/IMG_0813-2048x1365.jpg 2048w, https:\/\/www.lekarnaneveklov.cz\/wp-content\/uploads\/2021\/07\/IMG_0813-600x400.jpg 600w\" sizes=\"auto, (max-width: 1024px) 100vw, 1024px\" \/><figcaption class=\"blocks-gallery-item__caption\">\u0160irok\u00fd sortiment<\/figcaption><\/figure><\/li><li class=\"blocks-gallery-item\"><figure><img loading=\"lazy\" decoding=\"async\" width=\"1024\" height=\"683\" src=\"https:\/\/www.lekarnaneveklov.cz\/wp-content\/uploads\/2021\/07\/IMG_0808-1024x683.jpg\" alt=\"\" data-id=\"214\" data-full-url=\"https:\/\/www.lekarnaneveklov.cz\/wp-content\/uploads\/2021\/07\/IMG_0808-scaled.jpg\" data-link=\"https:\/\/www.lekarnaneveklov.cz\/img_0808\/\" class=\"wp-image-214\" srcset=\"https:\/\/www.lekarnaneveklov.cz\/wp-content\/uploads\/2021\/07\/IMG_0808-1024x683.jpg 1024w, https:\/\/www.lekarnaneveklov.cz\/wp-content\/uploads\/2021\/07\/IMG_0808-300x200.jpg 300w, https:\/\/www.lekarnaneveklov.cz\/wp-content\/uploads\/2021\/07\/IMG_0808-768x512.jpg 768w, https:\/\/www.lekarnaneveklov.cz\/wp-content\/uploads\/2021\/07\/IMG_0808-1536x1024.jpg 1536w, https:\/\/www.lekarnaneveklov.cz\/wp-content\/uploads\/2021\/07\/IMG_0808-2048x1365.jpg 2048w, https:\/\/www.lekarnaneveklov.cz\/wp-content\/uploads\/2021\/07\/IMG_0808-600x400.jpg 600w\" sizes=\"auto, (max-width: 1024px) 100vw, 1024px\" \/><figcaption class=\"blocks-gallery-item__caption\"> \u0160irok\u00fd sortiment <\/figcaption><\/figure><\/li><li class=\"blocks-gallery-item\"><figure><img loading=\"lazy\" decoding=\"async\" width=\"683\" height=\"1024\" src=\"https:\/\/www.lekarnaneveklov.cz\/wp-content\/uploads\/2021\/07\/IMG_0803-683x1024.jpg\" alt=\"\" data-id=\"213\" data-full-url=\"https:\/\/www.lekarnaneveklov.cz\/wp-content\/uploads\/2021\/07\/IMG_0803-scaled.jpg\" data-link=\"https:\/\/www.lekarnaneveklov.cz\/img_0803\/\" class=\"wp-image-213\" srcset=\"https:\/\/www.lekarnaneveklov.cz\/wp-content\/uploads\/2021\/07\/IMG_0803-683x1024.jpg 683w, https:\/\/www.lekarnaneveklov.cz\/wp-content\/uploads\/2021\/07\/IMG_0803-200x300.jpg 200w, https:\/\/www.lekarnaneveklov.cz\/wp-content\/uploads\/2021\/07\/IMG_0803-768x1152.jpg 768w, https:\/\/www.lekarnaneveklov.cz\/wp-content\/uploads\/2021\/07\/IMG_0803-1024x1536.jpg 1024w, https:\/\/www.lekarnaneveklov.cz\/wp-content\/uploads\/2021\/07\/IMG_0803-1365x2048.jpg 1365w, https:\/\/www.lekarnaneveklov.cz\/wp-content\/uploads\/2021\/07\/IMG_0803-600x900.jpg 600w, https:\/\/www.lekarnaneveklov.cz\/wp-content\/uploads\/2021\/07\/IMG_0803-scaled.jpg 1707w\" sizes=\"auto, (max-width: 683px) 100vw, 683px\" \/><figcaption class=\"blocks-gallery-item__caption\">P\u00e9\u010de o zuby<\/figcaption><\/figure><\/li><li class=\"blocks-gallery-item\"><figure><img loading=\"lazy\" decoding=\"async\" width=\"683\" height=\"1024\" src=\"https:\/\/www.lekarnaneveklov.cz\/wp-content\/uploads\/2021\/07\/IMG_0801-683x1024.jpg\" alt=\"\" data-id=\"212\" data-full-url=\"https:\/\/www.lekarnaneveklov.cz\/wp-content\/uploads\/2021\/07\/IMG_0801-scaled.jpg\" data-link=\"https:\/\/www.lekarnaneveklov.cz\/img_0801\/\" class=\"wp-image-212\" srcset=\"https:\/\/www.lekarnaneveklov.cz\/wp-content\/uploads\/2021\/07\/IMG_0801-683x1024.jpg 683w, https:\/\/www.lekarnaneveklov.cz\/wp-content\/uploads\/2021\/07\/IMG_0801-200x300.jpg 200w, https:\/\/www.lekarnaneveklov.cz\/wp-content\/uploads\/2021\/07\/IMG_0801-768x1152.jpg 768w, https:\/\/www.lekarnaneveklov.cz\/wp-content\/uploads\/2021\/07\/IMG_0801-1024x1536.jpg 1024w, https:\/\/www.lekarnaneveklov.cz\/wp-content\/uploads\/2021\/07\/IMG_0801-1365x2048.jpg 1365w, https:\/\/www.lekarnaneveklov.cz\/wp-content\/uploads\/2021\/07\/IMG_0801-600x900.jpg 600w, https:\/\/www.lekarnaneveklov.cz\/wp-content\/uploads\/2021\/07\/IMG_0801-scaled.jpg 1707w\" sizes=\"auto, (max-width: 683px) 100vw, 683px\" \/><figcaption class=\"blocks-gallery-item__caption\"> \u0160irok\u00fd sortiment <\/figcaption><\/figure><\/li><li class=\"blocks-gallery-item\"><figure><img loading=\"lazy\" decoding=\"async\" width=\"683\" height=\"1024\" src=\"https:\/\/www.lekarnaneveklov.cz\/wp-content\/uploads\/2021\/07\/IMG_0800-683x1024.jpg\" alt=\"\" data-id=\"211\" data-full-url=\"https:\/\/www.lekarnaneveklov.cz\/wp-content\/uploads\/2021\/07\/IMG_0800-scaled.jpg\" data-link=\"https:\/\/www.lekarnaneveklov.cz\/img_0800\/\" class=\"wp-image-211\" srcset=\"https:\/\/www.lekarnaneveklov.cz\/wp-content\/uploads\/2021\/07\/IMG_0800-683x1024.jpg 683w, https:\/\/www.lekarnaneveklov.cz\/wp-content\/uploads\/2021\/07\/IMG_0800-200x300.jpg 200w, https:\/\/www.lekarnaneveklov.cz\/wp-content\/uploads\/2021\/07\/IMG_0800-768x1152.jpg 768w, https:\/\/www.lekarnaneveklov.cz\/wp-content\/uploads\/2021\/07\/IMG_0800-1024x1536.jpg 1024w, https:\/\/www.lekarnaneveklov.cz\/wp-content\/uploads\/2021\/07\/IMG_0800-1365x2048.jpg 1365w, https:\/\/www.lekarnaneveklov.cz\/wp-content\/uploads\/2021\/07\/IMG_0800-600x900.jpg 600w, https:\/\/www.lekarnaneveklov.cz\/wp-content\/uploads\/2021\/07\/IMG_0800-scaled.jpg 1707w\" sizes=\"auto, (max-width: 683px) 100vw, 683px\" \/><figcaption class=\"blocks-gallery-item__caption\">T\u00e9m\u011b\u0159 v\u0161echny druhy d\u011btsk\u00e9 v\u00fd\u017eivy<\/figcaption><\/figure><\/li><li class=\"blocks-gallery-item\"><figure><img loading=\"lazy\" decoding=\"async\" width=\"683\" height=\"1024\" src=\"https:\/\/www.lekarnaneveklov.cz\/wp-content\/uploads\/2021\/07\/IMG_0756-683x1024.jpg\" alt=\"\" data-id=\"206\" data-full-url=\"https:\/\/www.lekarnaneveklov.cz\/wp-content\/uploads\/2021\/07\/IMG_0756-scaled.jpg\" data-link=\"https:\/\/www.lekarnaneveklov.cz\/img_0756\/\" class=\"wp-image-206\" srcset=\"https:\/\/www.lekarnaneveklov.cz\/wp-content\/uploads\/2021\/07\/IMG_0756-683x1024.jpg 683w, https:\/\/www.lekarnaneveklov.cz\/wp-content\/uploads\/2021\/07\/IMG_0756-200x300.jpg 200w, https:\/\/www.lekarnaneveklov.cz\/wp-content\/uploads\/2021\/07\/IMG_0756-768x1152.jpg 768w, https:\/\/www.lekarnaneveklov.cz\/wp-content\/uploads\/2021\/07\/IMG_0756-1024x1536.jpg 1024w, https:\/\/www.lekarnaneveklov.cz\/wp-content\/uploads\/2021\/07\/IMG_0756-1365x2048.jpg 1365w, https:\/\/www.lekarnaneveklov.cz\/wp-content\/uploads\/2021\/07\/IMG_0756-600x900.jpg 600w, https:\/\/www.lekarnaneveklov.cz\/wp-content\/uploads\/2021\/07\/IMG_0756-scaled.jpg 1707w\" sizes=\"auto, (max-width: 683px) 100vw, 683px\" \/><figcaption class=\"blocks-gallery-item__caption\">V\u017edy s \u00fasm\u011bvem<\/figcaption><\/figure><\/li><\/ul><\/figure>\n","protected":false},"excerpt":{"rendered":"","protected":false},"author":1,"featured_media":0,"parent":0,"menu_order":0,"comment_status":"closed","ping_status":"closed","template":"","meta":{"_exactmetrics_skip_tracking":false,"_exactmetrics_sitenote_active":false,"_exactmetrics_sitenote_note":"","_exactmetrics_sitenote_category":0,"footnotes":""},"class_list":["post-101","page","type-page","status-publish","hentry"],"_links":{"self":[{"href":"https:\/\/www.lekarnaneveklov.cz\/index.php\/wp-json\/wp\/v2\/pages\/101","targetHints":{"allow":["GET"]}}],"collection":[{"href":"https:\/\/www.lekarnaneveklov.cz\/index.php\/wp-json\/wp\/v2\/pages"}],"about":[{"href":"https:\/\/www.lekarnaneveklov.cz\/index.php\/wp-json\/wp\/v2\/types\/page"}],"author":[{"embeddable":true,"href":"https:\/\/www.lekarnaneveklov.cz\/index.php\/wp-json\/wp\/v2\/users\/1"}],"replies":[{"embeddable":true,"href":"https:\/\/www.lekarnaneveklov.cz\/index.php\/wp-json\/wp\/v2\/comments?post=101"}],"version-history":[{"count":4,"href":"https:\/\/www.lekarnaneveklov.cz\/index.php\/wp-json\/wp\/v2\/pages\/101\/revisions"}],"predecessor-version":[{"id":236,"href":"https:\/\/www.lekarnaneveklov.cz\/index.php\/wp-json\/wp\/v2\/pages\/101\/revisions\/236"}],"wp:attachment":[{"href":"https:\/\/www.lekarnaneveklov.cz\/index.php\/wp-json\/wp\/v2\/media?parent=101"}],"curies":[{"name":"wp","href":"https:\/\/api.w.org\/{rel}","templated":true}]}}