{"id":20,"date":"2021-03-20T09:07:34","date_gmt":"2021-03-20T09:07:34","guid":{"rendered":"http:\/\/www.lekarnaneveklov.cz\/?page_id=20"},"modified":"2021-10-28T16:43:01","modified_gmt":"2021-10-28T16:43:01","slug":"o-nas","status":"publish","type":"page","link":"https:\/\/www.lekarnaneveklov.cz\/index.php\/o-nas\/","title":{"rendered":"Na\u0161e slu\u017eby"},"content":{"rendered":"\r\n<div class=\"wp-block-columns alignfull has-text-color has-background is-layout-flex wp-container-core-columns-is-layout-9d6595d7 wp-block-columns-is-layout-flex\" style=\"background-color: #ffffff; color: #000000;\">\r\n<div class=\"wp-block-column is-layout-flow wp-block-column-is-layout-flow\">\r\n<h3 class=\"has-text-align-center has-text-color wp-block-heading\" style=\"color: #00af0b; font-size: 24px; line-height: 1.3;\"><span style=\"font-size: 24pt;\"><strong><span style=\"font-family: Helvetica;\">O n\u00e1s<\/span><\/strong><\/span><\/h3>\r\n<span style=\"font-family: 'Raleway', Times;\">\r\n\r\n<\/span>\r\n<p class=\"has-text-align-center has-text-color\" style=\"color: #00af0b;\"><span style=\"font-family: Raleway, Times; font-size: 14pt;\">Jsme nov\u00e1 modern\u00ed l\u00e9k\u00e1rna v centru Neveklova, p\u0159\u00edmo na n\u00e1m\u011bst\u00ed Jana He\u0159mana. Klademe d\u016fraz na osobn\u00ed p\u0159\u00edstup ke ka\u017ed\u00e9mu pacientovi. Poskytujeme odborn\u00e9 poradenstv\u00ed v oblasti l\u00e9k\u016f na recept, voln\u011b prodejn\u00fdch l\u00e9\u010div a dopl\u0148k\u016f stravy \u010di dermokosmetiky.<\/span><\/p>\r\n<span style=\"font-family: 'Raleway', Times;\"><\/span><\/div>\r\n<span style=\"font-family: 'Raleway', Times;\">\r\n\r\n<\/span>\r\n<div class=\"wp-block-column is-layout-flow wp-block-column-is-layout-flow\"><span style=\"font-family: 'Andale Mono', Times;\"><\/span>\r\n<h3 class=\"has-text-align-center has-text-color wp-block-heading\" style=\"color: #00af0b; font-size: 24px; line-height: 1.3;\"><span style=\"font-size: 24pt;\"><strong><span style=\"font-family: Helvetica;\">Objedn\u00e1vky l\u00e9k\u016f<\/span><\/strong><\/span><\/h3>\r\n<span style=\"font-family: 'Raleway', Times;\">\r\n\r\n<\/span>\r\n<p class=\"has-text-align-center has-text-color\" style=\"color: #00af0b;\"><span style=\"font-family: Raleway, Times; font-size: 14pt;\">D\u00edky na\u0161emu objedn\u00e1vkov\u00e9mu formul\u00e1\u0159i\u00a0<span style=\"color: #ffd400;\"><a style=\"color: #ffd400;\" href=\"https:\/\/www.lekarnaneveklov.cz\/index.php\/objednavkovy-formular\/\" target=\"_blank\" rel=\"noreferrer noopener\">zde<\/a>\u00a0<\/span>si m\u016f\u017eete Va\u0161e l\u00e9ky jednodu\u0161e objednat dop\u0159edu a nemus\u00edte l\u00e9k\u00e1rnu nav\u0161t\u011bvovat v\u00edcekr\u00e1t kv\u016fli jedn\u00e9 objedn\u00e1vce. Jakmile budou va\u0161e l\u00e9ky nachystan\u00e9, nap\u00ed\u0161eme V\u00e1m SMS nebo za\u0161leme email.<\/span><\/p>\r\n<span style=\"font-family: 'Raleway', Times;\"><\/span><\/div>\r\n<span style=\"font-family: 'Raleway', Times;\">\r\n\r\n<\/span>\r\n<div class=\"wp-block-column is-layout-flow wp-block-column-is-layout-flow\"><span style=\"font-family: 'Raleway', Times;\"><\/span>\r\n<h3 class=\"has-text-align-center has-text-color wp-block-heading\" style=\"color: #00af0b; font-size: 24px; line-height: 1.3;\"><span style=\"font-size: 24pt;\"><strong><span style=\"font-family: Helvetica;\">Individu\u00e1ln\u00ed p\u0159\u00edstup<\/span><\/strong><\/span><\/h3>\r\n<span style=\"font-family: 'Raleway', Times;\">\r\n\r\n<\/span>\r\n<p class=\"has-text-align-center has-text-color\" style=\"color: #00af0b;\"><span style=\"font-family: Raleway, Times; font-size: 14pt;\">V p\u0159\u00edpad\u011b objedn\u00e1vky v\u011bt\u0161\u00edho mno\u017estv\u00ed inkontinen\u010dn\u00edch pom\u016fcek nebo jin\u00e9ho zdravotnick\u00e9ho materi\u00e1lu jsme schopni, pro osoby h\u016f\u0159e pohybliv\u00e9 nebo bez mo\u017enosti vyzvednut\u00ed, individu\u00e1ln\u011b zajistit dovoz dom\u016f.<\/span><\/p>\r\n<span style=\"font-family: 'Raleway', Times;\">\r\n\r\n<\/span><\/div>\r\n<span style=\"font-family: 'Raleway', Times;\"><\/span><\/div>\r\n<p><span style=\"font-family: 'Raleway', Times;\">\r\n\r\n<\/span><\/p>\r\n<p>&nbsp;<\/p>\r\n<p><span style=\"font-family: 'Raleway', Times;\">\r\n\r\n<\/span><\/p>\r\n<p class=\"has-medium-font-size\">\u00a0<\/p>\r\n\r\n<p>&nbsp;<\/p>","protected":false},"excerpt":{"rendered":"<p>O n\u00e1s Jsme nov\u00e1 modern\u00ed l\u00e9k\u00e1rna v centru Neveklova, p\u0159\u00edmo na n\u00e1m\u011bst\u00ed Jana He\u0159mana. Klademe d\u016fraz na osobn\u00ed p\u0159\u00edstup ke ka\u017ed\u00e9mu pacientovi. Poskytujeme odborn\u00e9 poradenstv\u00ed v oblasti l\u00e9k\u016f na recept, voln\u011b prodejn\u00fdch l\u00e9\u010div a dopl\u0148k\u016f stravy \u010di dermokosmetiky. Objedn\u00e1vky l\u00e9k\u016f D\u00edky na\u0161emu objedn\u00e1vkov\u00e9mu formul\u00e1\u0159i\u00a0zde\u00a0si m\u016f\u017eete Va\u0161e l\u00e9ky jednodu\u0161e objednat dop\u0159edu a nemus\u00edte l\u00e9k\u00e1rnu nav\u0161t\u011bvovat v\u00edcekr\u00e1t [&hellip;]<\/p>\n","protected":false},"author":1,"featured_media":0,"parent":0,"menu_order":0,"comment_status":"closed","ping_status":"closed","template":"","meta":{"_exactmetrics_skip_tracking":false,"_exactmetrics_sitenote_active":false,"_exactmetrics_sitenote_note":"","_exactmetrics_sitenote_category":0,"footnotes":""},"class_list":["post-20","page","type-page","status-publish","hentry"],"_links":{"self":[{"href":"https:\/\/www.lekarnaneveklov.cz\/index.php\/wp-json\/wp\/v2\/pages\/20","targetHints":{"allow":["GET"]}}],"collection":[{"href":"https:\/\/www.lekarnaneveklov.cz\/index.php\/wp-json\/wp\/v2\/pages"}],"about":[{"href":"https:\/\/www.lekarnaneveklov.cz\/index.php\/wp-json\/wp\/v2\/types\/page"}],"author":[{"embeddable":true,"href":"https:\/\/www.lekarnaneveklov.cz\/index.php\/wp-json\/wp\/v2\/users\/1"}],"replies":[{"embeddable":true,"href":"https:\/\/www.lekarnaneveklov.cz\/index.php\/wp-json\/wp\/v2\/comments?post=20"}],"version-history":[{"count":17,"href":"https:\/\/www.lekarnaneveklov.cz\/index.php\/wp-json\/wp\/v2\/pages\/20\/revisions"}],"predecessor-version":[{"id":350,"href":"https:\/\/www.lekarnaneveklov.cz\/index.php\/wp-json\/wp\/v2\/pages\/20\/revisions\/350"}],"wp:attachment":[{"href":"https:\/\/www.lekarnaneveklov.cz\/index.php\/wp-json\/wp\/v2\/media?parent=20"}],"curies":[{"name":"wp","href":"https:\/\/api.w.org\/{rel}","templated":true}]}}